{"id":29,"date":"2021-05-03T06:36:06","date_gmt":"2021-05-03T06:36:06","guid":{"rendered":"http:\/\/localhost\/polaris\/?page_id=29"},"modified":"2021-05-19T06:20:18","modified_gmt":"2021-05-19T06:20:18","slug":"services","status":"publish","type":"page","link":"https:\/\/polaris-edu.org\/es\/services\/","title":{"rendered":"Servicios \/ <span>Soluciones<\/span>"},"content":{"rendered":"<p><\/p>\n<p>[vc_row][vc_column][vc_raw_html css=\u00bb.vc_custom_1621257245600{margin-bottom: 0px !important;}\u00bb]JTNDaDIlM0VFZHVjYWNpJUMzJUIzbiUyMFN1cGVyaW9yJTIwRXN0cmF0ZWdpYSUyMHklMjBBbmFsJUMzJUFEdGljYSUzQSUzQ2JyJTNFJTNDc3BhbiUzRSUyMENvbnN1bHRvciVDMyVBRGElMjB5JTIwQ2FwYWNpdGFjaSVDMyVCM24lM0MlMkZzcGFuJTNFJTNDJTJGaDIlM0U=[\/vc_raw_html][vc_column_text el_class=\u00bblst\u00bb]<\/p>\n<ul>\n<li><i><\/i>Sistemas de Aprendizaje Digital en instituciones de Educaci\u00f3n Superior y sistemas escolares: Soluciones-Polaris Piloto inmediatas<\/li>\n<li>Inteligencia Artificial y Anal\u00edtica para la Educaci\u00f3n Superior<\/li>\n<li>Soluciones de Educaci\u00f3n STEAM (Ciencia, Tecnolog\u00eda, Ingenier\u00eda, TIC, Inteligencia Artificial, Artes y Matem\u00e1ticas)<\/li>\n<li>Renovaci\u00f3n Acad\u00e9mica y Redise\u00f1o de Programas en instituciones de Educaci\u00f3n Superior<\/li>\n<\/ul>\n<p>[\/vc_column_text][\/vc_column][\/vc_row][vc_row][vc_column width=\u00bb1\/3&#8243;][vc_single_image image=\u00bb74&#8243; img_size=\u00bbfull\u00bb alignment=\u00bbcenter\u00bb css=\u00bb.vc_custom_1620115414043{margin-bottom: 0px !important;}\u00bb][\/vc_column][vc_column width=\u00bb1\/3&#8243;][vc_single_image image=\u00bb75&#8243; img_size=\u00bbfull\u00bb alignment=\u00bbcenter\u00bb css=\u00bb.vc_custom_1620115422940{margin-bottom: 0px !important;}\u00bb][\/vc_column][vc_column width=\u00bb1\/3&#8243;][vc_single_image image=\u00bb76&#8243; img_size=\u00bbfull\u00bb alignment=\u00bbcenter\u00bb css=\u00bb.vc_custom_1620115431793{margin-bottom: 0px !important;}\u00bb][\/vc_column][\/vc_row][vc_row css=\u00bb.vc_custom_1620024877045{padding-top: 40px !important;}\u00bb][vc_column][vc_raw_html css=\u00bb.vc_custom_1621257279964{margin-bottom: 0px !important;}\u00bb]JTNDaDIlM0VTaXN0ZW1hJTIwZGUlMjBBcHJlbmRpemFqZSUyMEVuLWwlQzMlQURuZWElM0ElM0NiciUzRSUyMCUzQ3NwYW4lM0VTb2x1Y2klQzMlQjNuLVBvbGFyaXMlM0MlMkZzcGFuJTNFJTNDJTJGaDIlM0U=[\/vc_raw_html][vc_column_text]El Aprendizaje En-l\u00ednea\u00a0se ha convertido en la actividad educativa dominante durante la pandemia de Covid. La Educaci\u00f3n Superior\u00a0como la conocemos ha cambiado para siempre.<\/p>\n<p>En el futuro, el Aprendizaje En-l\u00ednea\u00a0continuar\u00e1 siendo una modalidad imprescindible, especialmente en la Educaci\u00f3n Superior, T\u00e9cnica y Secundaria.<\/p>\n<p>El Aprendizaje Digital\u00a0sustituir\u00e1 definitivamente a un n\u00famero importante de actividades educativas en el aula. El auge del Aprendizaje Digital\u00a0significa que la ense\u00f1anza tradicional est\u00e1 dando paso al aprendizaje remoto en plataformas digitales.<\/p>\n<p>El futuro de la Educaci\u00f3n y el Aprendizaje\u00a0ser\u00e1 digital, empoderador y centrado en el estudiante. En 2021, el 77% de los nuevos cursos de aprendizaje se impartir\u00e1n a trav\u00e9s de una Plataforma En-l\u00ednea o una aplicaci\u00f3n.<\/p>\n<p>El mercado de Aprendizaje Digital\u00a0en todo el mundo se espera que alcance US$ 336 mil millones para 2026, creciendo a una Tasa Compuesta de Crecimiento Anual\u00a0del 10% entre 2021 y 2026.[\/vc_column_text][vc_single_image image=\u00bb30&#8243; img_size=\u00bbfull\u00bb alignment=\u00bbcenter\u00bb el_class=\u00bbser-img-sz\u00bb][\/vc_column][\/vc_row][vc_row css=\u00bb.vc_custom_1620027076247{padding-top: 20px !important;}\u00bb][vc_column][vc_raw_html css=\u00bb.vc_custom_1621257328848{margin-bottom: 0px !important;}\u00bb]JTNDaDIlM0VJbnRlbGlnZW5jaWElMjBBcnRpZmljaWFsJTIwJTI4QUklMjklMjAlM0NiciUzRSUzQ3NwYW4lM0V5JTIwQW5hbCVDMyVBRHRpY2ElMjBwYXJhJTIwbGElM0MlMkZzcGFuJTNFJTIwJTNDYnIlM0VFZHVjYWNpJUMzJUIzbiUyMFN1cGVyaW9yJTNDJTJGaDIlM0U=[\/vc_raw_html][vc_column_text el_class=\u00bblst\u00bb]<\/p>\n<ul>\n<li><b><i><\/i><\/b>Aplicaciones de Gesti\u00f3n de la Educaci\u00f3n Superior basadas en Anal\u00edtica[dispositivos m\u00f3viles]<\/li>\n<\/ul>\n<p>a. Grad-JobLink App(Graduates-Jobs Link) [v\u00ednculo entre graduados y empleos]<br \/>\nb. Monitoreo del Desempe\u00f1o de Estudiantes y Profesores, y Tutor\u00eda<br \/>\nc. Sistema de Gesti\u00f3n de la Educaci\u00f3n[EMS]<\/p>\n<ul>\n<li>Optimizaci\u00f3n del uso de las Tecnolog\u00edas en la Nube en la gesti\u00f3n, ense\u00f1anza e investigaci\u00f3n en la Educaci\u00f3n Superior: Soluciones de Servicio Institucional<\/li>\n<\/ul>\n<p>[inform\u00e1tica, comunicaci\u00f3n, almacenamiento, aplicaciones]<\/p>\n<ul>\n<li>Integraci\u00f3n de la AI en los Programas Acad\u00e9micos y la Investigaci\u00f3n<\/li>\n<\/ul>\n<p>[ingenier\u00eda, ciencias, arquitectura, medicina, econom\u00eda, derecho]<\/p>\n<ul>\n<li>Gesti\u00f3n basada en la Inteligencia Artificial<\/li>\n<\/ul>\n<p>[estudiantes, profesores, personal, presupuesto, administraci\u00f3n][\/vc_column_text][vc_single_image image=\u00bb31&#8243; img_size=\u00bbfull\u00bb alignment=\u00bbcenter\u00bb el_class=\u00bbser-img-sz\u00bb][\/vc_column][\/vc_row][vc_row css=\u00bb.vc_custom_1620027084124{padding-top: 20px !important;}\u00bb][vc_column][vc_raw_html css=\u00bb.vc_custom_1621255783499{margin-bottom: 0px !important;}\u00bb]JTNDaDQlM0VTb2x1Y2lvbmVzJTIwZGUlMjBFZHVjYWNpJUMzJUIzbiUyMFNURUFNJTIwJTNDYnIlM0UlM0NzcGFuJTNFJTI4Q2llbmNpYSUyQyUyMFRlY25vbG9nJUMzJUFEYSUyQyUyMEluZ2VuaWVyJUMzJUFEYSUyQyUyMFRJQyUyQyUyMEludGVsaWdlbmNpYSUyMEFydGlmaWNpYWwlMkMlMjBBcnRlcyUyMHklMjBNYXRlbSVDMyVBMXRpY2FzJTI5JTNDJTJGc3BhbiUzRSUzQyUyRmg0JTNF[\/vc_raw_html][vc_column_text el_class=\u00bblst\u00bb]Resulta esencial incitar, motivar y orientar el inter\u00e9s de los estudiantes por la Ciencia, Tecnolog\u00eda, Ingenier\u00eda, TIC, Inteligencia Artificial, Artes y Matem\u00e1ticas\u00a0(STEAM) tanto como materias de estudio como trayectorias profesionales.<\/p>\n<p>Alcanzar una amplia cobertura de escuelas e instituciones de Educaci\u00f3n Superior, para brindar soluciones de Educaci\u00f3n STEAM\u00a0de calidad:<\/p>\n<ul>\n<li>Dise\u00f1o de Curriculum de STEAM<\/li>\n<li>Eventos STEAM<\/li>\n<li>Programa de Partnerships P\u00fablicos y Privados (PPPP)<\/li>\n<li>Programa de Pasant\u00edas de Producci\u00f3n (PIP)<\/li>\n<\/ul>\n<p>[\/vc_column_text][vc_single_image image=\u00bb93&#8243; img_size=\u00bbfull\u00bb alignment=\u00bbcenter\u00bb][\/vc_column][\/vc_row][vc_row css=\u00bb.vc_custom_1620027084124{padding-top: 20px !important;}\u00bb][vc_column][vc_raw_html css=\u00bb.vc_custom_1621257404855{margin-bottom: 0px !important;}\u00bb]JTNDaDIlM0VSZW5vdmFjaSVDMyVCM24lMjBBY2FkJUMzJUE5bWljYSUyMHklMjBSZWRpc2UlQzMlQjFvJTIwZGUlMjBQcm9ncmFtYXMlMjAlM0NiciUzRSUzQ3NwYW4lM0VlbiUyMGluc3RpdHVjaW9uZXMlMjBkZSUyMEVkdWNhY2klQzMlQjNuJTIwU3VwZXJpb3IlM0MlMkZzcGFuJTNFJTNDJTJGaDIlM0U=[\/vc_raw_html][vc_column_text el_class=\u00bblst\u00bb]<\/p>\n<ul>\n<li><b><i><\/i><\/b>Visi\u00f3n a mediano\/largo plazo: Excelencia Acad\u00e9mica y Sostenibilidad<\/li>\n<li>Prioridades Estrat\u00e9gicas(en el contexto de los Objetivos de Desarrollo Sostenible nacionales)<\/li>\n<li>Excelencia Acad\u00e9mica(calidad): Estrategia\/Programa de Colaboraci\u00f3n Acad\u00e9mica Internacional<\/li>\n<li>Programas de Investigaci\u00f3n y Postgrado<\/li>\n<li>Organizaci\u00f3n de Conferencias Digitales(DigiConfer)<\/li>\n<\/ul>\n<p>[\/vc_column_text][vc_single_image image=\u00bb32&#8243; img_size=\u00bbfull\u00bb alignment=\u00bbcenter\u00bb el_class=\u00bbser-img-sz\u00bb][\/vc_column][\/vc_row]<\/p>\n<p><\/p>","protected":false},"excerpt":{"rendered":"<p>[vc_row][vc_column][vc_raw_html css=\u00bb.vc_custom_1621257245600{margin-bottom: 0px !important;}\u00bb]JTNDaDIlM0VFZHVjYWNpJUMzJUIzbiUyMFN1cGVyaW9yJTIwRXN0cmF0ZWdpYSUyMHklMjBBbmFsJUMzJUFEdGljYSUzQSUzQ2JyJTNFJTNDc3BhbiUzRSUyMENvbnN1bHRvciVDMyVBRGElMjB5JTIwQ2FwYWNpdGFjaSVDMyVCM24lM0MlMkZzcGFuJTNFJTNDJTJGaDIlM0U=[\/vc_raw_html][vc_column_text el_class=\u00bblst\u00bb] Sistemas de Aprendizaje Digital en instituciones de Educaci\u00f3n Superior y sistemas escolares: Soluciones-Polaris Piloto inmediatas Inteligencia Artificial y Anal\u00edtica para la Educaci\u00f3n Superior Soluciones de Educaci\u00f3n STEAM (Ciencia, Tecnolog\u00eda, Ingenier\u00eda, TIC, Inteligencia Artificial, Artes y Matem\u00e1ticas) Renovaci\u00f3n Acad\u00e9mica y Redise\u00f1o de Programas en instituciones de Educaci\u00f3n Superior [\/vc_column_text][\/vc_column][\/vc_row][vc_row][vc_column width=\u00bb1\/3&#8243;][vc_single_image image=\u00bb74&#8243; [&hellip;]<\/p>\n","protected":false},"author":1,"featured_media":85,"parent":0,"menu_order":0,"comment_status":"closed","ping_status":"closed","template":"","meta":{"footnotes":""},"class_list":["post-29","page","type-page","status-publish","has-post-thumbnail","hentry"],"_links":{"self":[{"href":"https:\/\/polaris-edu.org\/es\/wp-json\/wp\/v2\/pages\/29","targetHints":{"allow":["GET"]}}],"collection":[{"href":"https:\/\/polaris-edu.org\/es\/wp-json\/wp\/v2\/pages"}],"about":[{"href":"https:\/\/polaris-edu.org\/es\/wp-json\/wp\/v2\/types\/page"}],"author":[{"embeddable":true,"href":"https:\/\/polaris-edu.org\/es\/wp-json\/wp\/v2\/users\/1"}],"replies":[{"embeddable":true,"href":"https:\/\/polaris-edu.org\/es\/wp-json\/wp\/v2\/comments?post=29"}],"version-history":[{"count":37,"href":"https:\/\/polaris-edu.org\/es\/wp-json\/wp\/v2\/pages\/29\/revisions"}],"predecessor-version":[{"id":171,"href":"https:\/\/polaris-edu.org\/es\/wp-json\/wp\/v2\/pages\/29\/revisions\/171"}],"wp:featuredmedia":[{"embeddable":true,"href":"https:\/\/polaris-edu.org\/es\/wp-json\/wp\/v2\/media\/85"}],"wp:attachment":[{"href":"https:\/\/polaris-edu.org\/es\/wp-json\/wp\/v2\/media?parent=29"}],"curies":[{"name":"wp","href":"https:\/\/api.w.org\/{rel}","templated":true}]}}