{"id":41,"date":"2021-05-03T07:55:35","date_gmt":"2021-05-03T07:55:35","guid":{"rendered":"http:\/\/localhost\/polaris\/?page_id=41"},"modified":"2021-05-18T10:20:27","modified_gmt":"2021-05-18T10:20:27","slug":"projects","status":"publish","type":"page","link":"https:\/\/polaris-edu.org\/es\/projects\/","title":{"rendered":"Proyectos"},"content":{"rendered":"<p><\/p>\n<p>[vc_row][vc_column][vc_raw_html css=\u00bb.vc_custom_1621256162320{margin-bottom: 0px !important;}\u00bb]JTNDaDIlM0VTaXN0ZW1hJTIwZGUlMjBBcHJlbmRpemFqZSUyMEVuLWwlQzMlQURuZWElM0ElM0NiciUzRSUzQ3NwYW4lM0VTb2x1Y2klQzMlQjNuLVBvbGFyaXMlM0MlMkZzcGFuJTNFJTNDJTJGaDIlM0U=[\/vc_raw_html][vc_column_text el_class=\u00bblst\u00bb css=\u00bb.vc_custom_1620634886631{margin-bottom: 20px !important;}\u00bb]El Aprendizaje En-l\u00ednea\u00a0se ha convertido en la actividad educativa dominante durante la pandemia de Covid. La Educaci\u00f3n Superior\u00a0como la conocemos ha cambiado para siempre.<\/p>\n<p>En el futuro, el Aprendizaje En-l\u00ednea\u00a0continuar\u00e1 siendo una modalidad imprescindible, especialmente en la Educaci\u00f3n Superior, T\u00e9cnica y Secundaria.<\/p>\n<p>El Aprendizaje Digital\u00a0sustituir\u00e1 definitivamente a un n\u00famero importante de actividades educativas en el aula. El auge del Aprendizaje Digital\u00a0significa que la ense\u00f1anza tradicional est\u00e1 dando paso al aprendizaje remoto en plataformas digitales.[\/vc_column_text][vc_column_text el_class=\u00bblst\u00bb]<\/p>\n<ul>\n<li><b><i><\/i><\/b>Evaluaci\u00f3n[ex-ante]: competencias de los profesores en Aprendizaje En-l\u00ednea, Sistema\/Plataforma de Gesti\u00f3n del Aprendizaje\u00a0(LMS) existente en la instituci\u00f3n<\/li>\n<li>Capacitaci\u00f3n: Profesores, auxiliares docentes, e investigadores<\/li>\n<\/ul>\n<p>a. Dise\u00f1o, edici\u00f3n y transmisi\u00f3n de cursos y videos En-l\u00ednea(contenido y materiales curriculares)<br \/>\nb. Aprovechamiento de las diversas herramientas y opcionesde Aprendizaje En-l\u00ednea disponibles en el Sistema\/Plataforma de Gesti\u00f3n del Aprendizaje: Google Meet &amp; Classroom, MS Teams, Zoom; Moodle<br \/>\nc. Conversi\u00f3n de cursos presenciales en Cursos Digitalesinteractivos; desarrollo de cursos y plantillas de cursos totalmente interactivos<br \/>\nd. Integraci\u00f3n de elementos interactivos avanzados, ayudas audiovisuales, y materiales educativos interactivos y no interactivos<br \/>\ne. Identificaci\u00f3n y uso de Cursos En-l\u00edneaexistentes<\/p>\n<ul>\n<li>Control de Asistencia, Evaluaci\u00f3n y Certificado Profesional<\/li>\n<\/ul>\n<p>a. Control de asistencia de profesores y estudiantes<br \/>\nb. Utilizaci\u00f3n de diversas Herramientas de Evaluaci\u00f3n del Aprendizaje En-L\u00ednea<br \/>\nc. Emisi\u00f3n de Credenciales y Certificado Profesional Digitales<\/p>\n<ul>\n<li>Gesti\u00f3n y Monitoreodel Sistema de Aprendizaje Digital\u00a0de la instituci\u00f3n: Monitoreo de profesores y estudiantes, desempe\u00f1o y tutor\u00edas de estudiantes, Sistema de Gesti\u00f3n de la Educaci\u00f3n\u00a0[EMS]<\/li>\n<li>Laboratorio de Producci\u00f3n de Contenidos Digitales: equipamiento b\u00e1sico y competencias t\u00e9cnicas para el dise\u00f1o, producci\u00f3n, edici\u00f3n y transmisi\u00f3n de Cursos En-l\u00ednea<\/li>\n<li>Portal de Cursos<\/li>\n<li>Utilizaci\u00f3n de Cursos En-l\u00ednea Abiertos Masivos[MOOC-Massive Open Online Courses] y de Cursos En-L\u00ednea Privados Peque\u00f1os\u00a0[SPOC-Small Private Online Courses]<\/li>\n<li>Base de Datosde Cursos En-l\u00ednea, Libros Digitales y Repositorio<\/li>\n<li>Alianzas Acad\u00e9micas y Programas Colaborativos\u00a0de Aprendizaje Digital con otras universidades a nivel nacional e internacional<\/li>\n<\/ul>\n<p>[\/vc_column_text][\/vc_column][\/vc_row][vc_row css=\u00bb.vc_custom_1620035637895{padding-bottom: 30px !important;}\u00bb][vc_column width=\u00bb1\/3&#8243;][vc_single_image image=\u00bb97&#8243; img_size=\u00bbfull\u00bb alignment=\u00bbcenter\u00bb css=\u00bb.vc_custom_1620635162511{margin-bottom: 0px !important;}\u00bb][\/vc_column][vc_column width=\u00bb1\/3&#8243;][vc_single_image image=\u00bb67&#8243; img_size=\u00bbfull\u00bb alignment=\u00bbcenter\u00bb css=\u00bb.vc_custom_1620113634066{margin-bottom: 0px !important;}\u00bb][\/vc_column][vc_column width=\u00bb1\/3&#8243;][vc_single_image image=\u00bb68&#8243; img_size=\u00bbfull\u00bb alignment=\u00bbcenter\u00bb css=\u00bb.vc_custom_1620113641658{margin-bottom: 0px !important;}\u00bb][\/vc_column][\/vc_row][vc_row css=\u00bb.vc_custom_1620027076247{padding-top: 20px !important;}\u00bb][vc_column][vc_raw_html css=\u00bb.vc_custom_1621256351408{margin-bottom: 0px !important;}\u00bb]JTNDaDIlM0VJbnRlbGlnZW5jaWElMjBBcnRpZmljaWFsJTIwJTI4QUklMjklM0NiciUzRSUzQ3NwYW4lM0V5JTIwQW5hbCVDMyVBRHRpY2ElMjBwYXJhJTIwbGElM0MlMkZzcGFuJTNFJTIwJTNDYnIlM0VFZHVjYWNpJUMzJUIzbiUyMFN1cGVyaW9yJTNDJTJGaDIlM0U=[\/vc_raw_html][vc_column_text el_class=\u00bblst\u00bb]Inteligencia Artificial\u00a0(AI) y Anal\u00edtica para la Educaci\u00f3n Superior<\/p>\n<ul>\n<li>Grad-JobLink App(Graduates-Jobs Link) [v\u00ednculo entre graduados y empleos]<\/li>\n<li>Monitoreo del Desempe\u00f1o de Estudiantes y Profesores, Tutor\u00eda, y Orientaci\u00f3n profesional<\/li>\n<li>Sistema de Gesti\u00f3n de la Educaci\u00f3n[EMS]<\/li>\n<\/ul>\n<p>[\/vc_column_text][\/vc_column][\/vc_row][vc_row css=\u00bb.vc_custom_1620027084124{padding-top: 20px !important;}\u00bb][vc_column][vc_raw_html css=\u00bb.vc_custom_1621256300495{margin-bottom: 0px !important;}\u00bb]JTNDaDMlMjBzdHlsZSUzRCUyMnRleHQtYWxpZ24lM0FjZW50ZXIlM0IlMjIlM0VUdXRvci1QYXJ0bmVyJTIwQUklMjAlMjYlMjBBbmFsJUMzJUFEdGljYSUzQSUzQ2JyJTNFJTBBJTNDc3BhbiUzRURlc2VtcGUlQzMlQjFvJTIweSUyME1vbml0b3JlbyUyMGRlJTIwRXN0dWRpYW50ZXMlMjB5JTIwUHJvZmVzb3JlcyUyQyUzQyUyRnNwYW4lM0UlM0NiciUzRSUwQXklMjBPcmllbnRhY2klQzMlQjNuJTIwUHJvZmVzaW9uYWwlM0MlMkZoMyUzRQ==[\/vc_raw_html][vc_column_text el_class=\u00bblst\u00bb css=\u00bb.vc_custom_1620636790559{margin-bottom: 0px !important;}\u00bb]<\/p>\n<ul>\n<li>Desempe\u00f1o y Monitoreo de Estudiantes y Profesores, y Orientaci\u00f3n Profesional<\/li>\n<\/ul>\n<p>[\/vc_column_text][\/vc_column][\/vc_row][vc_row css=\u00bb.vc_custom_1620636960238{padding-top: 50px !important;}\u00bb][vc_column][vc_raw_html css=\u00bb.vc_custom_1621255998154{margin-bottom: 0px !important;}\u00bb]JTNDaDQlM0VTb2x1Y2lvbmVzJTIwZGUlMjBFZHVjYWNpJUMzJUIzbiUyMFNURUFNJTNDYnIlM0UlMEElM0NzcGFuJTNFJTI4Q2llbmNpYSUyQyUyMFRlY25vbG9nJUMzJUFEYSUyQyUyMEluZ2VuaWVyJUMzJUFEYSUyQyUyMFRJQyUyQyUyMEludGVsaWdlbmNpYSUyMEFydGlmaWNpYWwlMkMlMjBBcnRlcyUyMHklMjBNYXRlbSVDMyVBMXRpY2FzJTI5JTNDJTJGc3BhbiUzRSUzQyUyRmg0JTNF[\/vc_raw_html][vc_column_text el_class=\u00bblst\u00bb]<\/p>\n<ul>\n<li><i><\/i>Dise\u00f1o de Curriculum de STEAM<\/li>\n<li>Eventos STEAM<\/li>\n<li>Programa de Partnerships P\u00fablicos y Privados (PPPP)<\/li>\n<li>Programa de Pasant\u00edas de Producci\u00f3n (PIP)<\/li>\n<\/ul>\n<p>[\/vc_column_text][\/vc_column][\/vc_row]<\/p>\n<p><\/p>","protected":false},"excerpt":{"rendered":"<p>[vc_row][vc_column][vc_raw_html css=\u00bb.vc_custom_1621256162320{margin-bottom: 0px !important;}\u00bb]JTNDaDIlM0VTaXN0ZW1hJTIwZGUlMjBBcHJlbmRpemFqZSUyMEVuLWwlQzMlQURuZWElM0ElM0NiciUzRSUzQ3NwYW4lM0VTb2x1Y2klQzMlQjNuLVBvbGFyaXMlM0MlMkZzcGFuJTNFJTNDJTJGaDIlM0U=[\/vc_raw_html][vc_column_text el_class=\u00bblst\u00bb css=\u00bb.vc_custom_1620634886631{margin-bottom: 20px !important;}\u00bb]El Aprendizaje En-l\u00ednea\u00a0se ha convertido en la actividad educativa dominante durante la pandemia de Covid. La Educaci\u00f3n Superior\u00a0como la conocemos ha cambiado para siempre. En el futuro, el Aprendizaje En-l\u00ednea\u00a0continuar\u00e1 siendo una modalidad imprescindible, especialmente en la Educaci\u00f3n Superior, T\u00e9cnica y Secundaria. El Aprendizaje Digital\u00a0sustituir\u00e1 definitivamente a un [&hellip;]<\/p>\n","protected":false},"author":1,"featured_media":96,"parent":0,"menu_order":0,"comment_status":"closed","ping_status":"closed","template":"","meta":{"footnotes":""},"class_list":["post-41","page","type-page","status-publish","has-post-thumbnail","hentry"],"_links":{"self":[{"href":"https:\/\/polaris-edu.org\/es\/wp-json\/wp\/v2\/pages\/41","targetHints":{"allow":["GET"]}}],"collection":[{"href":"https:\/\/polaris-edu.org\/es\/wp-json\/wp\/v2\/pages"}],"about":[{"href":"https:\/\/polaris-edu.org\/es\/wp-json\/wp\/v2\/types\/page"}],"author":[{"embeddable":true,"href":"https:\/\/polaris-edu.org\/es\/wp-json\/wp\/v2\/users\/1"}],"replies":[{"embeddable":true,"href":"https:\/\/polaris-edu.org\/es\/wp-json\/wp\/v2\/comments?post=41"}],"version-history":[{"count":30,"href":"https:\/\/polaris-edu.org\/es\/wp-json\/wp\/v2\/pages\/41\/revisions"}],"predecessor-version":[{"id":170,"href":"https:\/\/polaris-edu.org\/es\/wp-json\/wp\/v2\/pages\/41\/revisions\/170"}],"wp:featuredmedia":[{"embeddable":true,"href":"https:\/\/polaris-edu.org\/es\/wp-json\/wp\/v2\/media\/96"}],"wp:attachment":[{"href":"https:\/\/polaris-edu.org\/es\/wp-json\/wp\/v2\/media?parent=41"}],"curies":[{"name":"wp","href":"https:\/\/api.w.org\/{rel}","templated":true}]}}