{"id":6,"date":"2021-04-30T05:57:36","date_gmt":"2021-04-30T05:57:36","guid":{"rendered":"http:\/\/localhost\/polaris\/?page_id=6"},"modified":"2023-08-10T12:54:20","modified_gmt":"2023-08-10T12:54:20","slug":"home","status":"publish","type":"page","link":"https:\/\/polaris-edu.org\/es\/","title":{"rendered":"Inicio"},"content":{"rendered":"<p><\/p>\n<p>[vc_row][vc_column][vc_raw_html css=\u00bb.vc_custom_1621254142970{margin-bottom: 0px !important;}\u00bb]JTNDaDIlM0VFZHVjYWNpJUMzJUIzbiUyMFN1cGVyaW9yJTIwJTNDc3BhbiUzRUVzdHJhdGVnaWElMjB5JTIwQW5hbCVDMyVBRHRpY2ElM0ElM0MlMkZzcGFuJTNFJTNDYnIlM0UlMEFTZXJ2aWNpb3MlMjBkZSUyMENvbnN1bHRvciVDMyVBRGElMjB5JTIwQ2FwYWNpdGFjaSVDMyVCM24lM0MlMkZoMiUzRQ==[\/vc_raw_html][vc_column_text css=\u00bb.vc_custom_1620633663981{margin-bottom: 15px !important;}\u00bb]Polaris\u00a0es una empresa creada por un equipo de profesionales innovadores y creativos con una s\u00f3lida trayectoria. Cuenta con especialistas en Aprendizaje Digital\u00a0[En-l\u00ednea], educaci\u00f3n superior, TIC, AI y Anal\u00edtica; Evaluaci\u00f3n del Aprendizaje En-l\u00ednea; desempe\u00f1o y monitoreo de estudiantes y profesores; credenciales y certificaci\u00f3n digital; con experiencia en proyectos de Aprendizaje Digital\u00a0en distintos pa\u00edses, una variedad de aplicaciones de Anal\u00edtica Educativa, y materiales educativos multimedia digitales interactivos.[\/vc_column_text][\/vc_column][\/vc_row][vc_row][vc_column][vc_column_text el_class=\u00bblst\u00bb]<\/p>\n<ul>\n<li>Asociada a diversas instituciones de educaci\u00f3n superioren Am\u00e9rica Latina y Asia<\/li>\n<li>Soluci\u00f3n-Polaris &#8211; Opciones: Operaci\u00f3n Individual o Subscripci\u00f3n Anual<\/li>\n<li>TIC y Plataforma de Internet [Google Meet &amp; Classroom, MS Teams, Zoom, Zoho Connect, Cisco Webex, Hopin; Moodle]<\/li>\n<li>Oficinas: Bruselas, Miami, Guatemala, Montevideo<\/li>\n<\/ul>\n<p>[\/vc_column_text][\/vc_column][\/vc_row][vc_row][vc_column][vc_raw_html]JTNDaDMlM0VPYmpldGl2b3MlM0ElM0MlMkZoMyUzRQ==[\/vc_raw_html][\/vc_column][vc_column width=\u00bb1\/4&#8243;][vc_single_image image=\u00bb89&#8243; img_size=\u00bbfull\u00bb alignment=\u00bbcenter\u00bb css=\u00bb.vc_custom_1620633827563{margin-bottom: 0px !important;}\u00bb][vc_custom_heading text=\u00bbBrindar soluciones estrat\u00e9gicas de consultor\u00eda y capacitaci\u00f3n en Aprendizaje Digital, Inteligencia Artificial y Anal\u00edtica con el fin de renovar y empoderar a las instituciones de Educaci\u00f3n Superior\u00bb font_container=\u00bbtag:h4|font_size:14px|text_align:center|color:%230a2972|line_height:20px\u00bb use_theme_fonts=\u00bbyes\u00bb css=\u00bb.vc_custom_1620633749423{padding-right: 10px !important;padding-left: 10px !important;}\u00bb][\/vc_column][vc_column width=\u00bb1\/4&#8243;][vc_single_image image=\u00bb90&#8243; img_size=\u00bbfull\u00bb alignment=\u00bbcenter\u00bb css=\u00bb.vc_custom_1620633836187{margin-bottom: 0px !important;}\u00bb][vc_custom_heading text=\u00bbProporcionar soluciones de Educaci\u00f3n Superior para la Gesti\u00f3n del Conocimiento y el Aprendizaje\u00bb font_container=\u00bbtag:h4|font_size:14px|text_align:center|color:%230a2972|line_height:20px\u00bb use_theme_fonts=\u00bbyes\u00bb css=\u00bb.vc_custom_1620633766286{padding-right: 10px !important;padding-left: 10px !important;}\u00bb][\/vc_column][vc_column width=\u00bb1\/4&#8243;][vc_single_image image=\u00bb91&#8243; img_size=\u00bbfull\u00bb alignment=\u00bbcenter\u00bb css=\u00bb.vc_custom_1620633844918{margin-bottom: 0px !important;}\u00bb][vc_custom_heading text=\u00bbAprovechar al m\u00e1ximo las Tecnolog\u00edas en la Nube para la gesti\u00f3n, la ense\u00f1anza, y la investigaci\u00f3n en Educaci\u00f3n Superior\u00bb font_container=\u00bbtag:h4|font_size:14px|text_align:center|color:%230a2972|line_height:20px\u00bb use_theme_fonts=\u00bbyes\u00bb css=\u00bb.vc_custom_1620633787219{padding-right: 10px !important;padding-left: 10px !important;}\u00bb][\/vc_column][vc_column width=\u00bb1\/4&#8243;][vc_single_image image=\u00bb87&#8243; img_size=\u00bbfull\u00bb alignment=\u00bbcenter\u00bb css=\u00bb.vc_custom_1620633861730{margin-bottom: 0px !important;}\u00bb][vc_custom_heading text=\u00bbPromover la Educaci\u00f3n STEAM (Ciencia, Tecnolog\u00eda, Ingenier\u00eda, TIC, Inteligencia Artificial, Artes y Matem\u00e1ticas)\u00bb font_container=\u00bbtag:h4|font_size:14px|text_align:center|color:%230a2972|line_height:20px\u00bb use_theme_fonts=\u00bbyes\u00bb css=\u00bb.vc_custom_1620633867622{padding-right: 10px !important;padding-left: 10px !important;}\u00bb][\/vc_column][\/vc_row][vc_row css=\u00bb.vc_custom_1620038433928{padding-top: 20px !important;}\u00bb][vc_column][vc_raw_html css=\u00bb.vc_custom_1620038564499{margin-bottom: 0px !important;}\u00bb]JTNDaDIlMjBzdHlsZSUzRCUyMmZvbnQtc2l6ZSUzQTE4cHglM0Jmb250LXN0eWxlJTNBaXRhbGljJTNCZm9udC13ZWlnaHQlM0EyMnB4JTNCJTIwcGFkZGluZy1ib3R0b20lM0EwcHglM0IlMjIlM0VPZmljaW5hcyUzQSUyMCUzQ3NwYW4lM0VCcnVzZWxhcyUyQyUyME1pYW1pJTJDJTIwR3VhdGVtYWxhJTJDJTIwTW9udGV2aWRlbyUzQyUyRnNwYW4lM0UlM0MlMkZoMiUzRQ==[\/vc_raw_html][\/vc_column][\/vc_row]<\/p>\n<p><\/p>","protected":false},"excerpt":{"rendered":"<p>[vc_row][vc_column][vc_raw_html css=\u00bb.vc_custom_1621254142970{margin-bottom: 0px !important;}\u00bb]JTNDaDIlM0VFZHVjYWNpJUMzJUIzbiUyMFN1cGVyaW9yJTIwJTNDc3BhbiUzRUVzdHJhdGVnaWElMjB5JTIwQW5hbCVDMyVBRHRpY2ElM0ElM0MlMkZzcGFuJTNFJTNDYnIlM0UlMEFTZXJ2aWNpb3MlMjBkZSUyMENvbnN1bHRvciVDMyVBRGElMjB5JTIwQ2FwYWNpdGFjaSVDMyVCM24lM0MlMkZoMiUzRQ==[\/vc_raw_html][vc_column_text css=\u00bb.vc_custom_1620633663981{margin-bottom: 15px !important;}\u00bb]Polaris\u00a0es una empresa creada por un equipo de profesionales innovadores y creativos con una s\u00f3lida trayectoria. Cuenta con especialistas en Aprendizaje Digital\u00a0[En-l\u00ednea], educaci\u00f3n superior, TIC, AI y Anal\u00edtica; Evaluaci\u00f3n del Aprendizaje En-l\u00ednea; desempe\u00f1o y monitoreo de estudiantes y profesores; credenciales y certificaci\u00f3n digital; con experiencia en proyectos de Aprendizaje [&hellip;]<\/p>\n","protected":false},"author":1,"featured_media":0,"parent":0,"menu_order":0,"comment_status":"closed","ping_status":"closed","template":"","meta":{"footnotes":""},"class_list":["post-6","page","type-page","status-publish","hentry"],"_links":{"self":[{"href":"https:\/\/polaris-edu.org\/es\/wp-json\/wp\/v2\/pages\/6","targetHints":{"allow":["GET"]}}],"collection":[{"href":"https:\/\/polaris-edu.org\/es\/wp-json\/wp\/v2\/pages"}],"about":[{"href":"https:\/\/polaris-edu.org\/es\/wp-json\/wp\/v2\/types\/page"}],"author":[{"embeddable":true,"href":"https:\/\/polaris-edu.org\/es\/wp-json\/wp\/v2\/users\/1"}],"replies":[{"embeddable":true,"href":"https:\/\/polaris-edu.org\/es\/wp-json\/wp\/v2\/comments?post=6"}],"version-history":[{"count":28,"href":"https:\/\/polaris-edu.org\/es\/wp-json\/wp\/v2\/pages\/6\/revisions"}],"predecessor-version":[{"id":153,"href":"https:\/\/polaris-edu.org\/es\/wp-json\/wp\/v2\/pages\/6\/revisions\/153"}],"wp:attachment":[{"href":"https:\/\/polaris-edu.org\/es\/wp-json\/wp\/v2\/media?parent=6"}],"curies":[{"name":"wp","href":"https:\/\/api.w.org\/{rel}","templated":true}]}}