{"id":46,"date":"2021-05-03T09:59:35","date_gmt":"2021-05-03T09:59:35","guid":{"rendered":"http:\/\/haroon.biz\/dev\/polaris\/?page_id=46"},"modified":"2021-05-10T09:50:53","modified_gmt":"2021-05-10T09:50:53","slug":"alliances-partners","status":"publish","type":"page","link":"https:\/\/polaris-edu.org\/fr\/alliances-partners\/","title":{"rendered":"Alliances \/ <span> Partenaires<\/span>"},"content":{"rendered":"<p>[vc_row][vc_column][vc_raw_html css=\u00a0\u00bb.vc_custom_1620640229923{margin-bottom: 0px !important;}\u00a0\u00bb]JTNDaDIlM0VBbGxpYW5jZXMlMjBldCUyMHBhcnRlbmFpcmVzJTIwJTNDc3BhbiUzRWluc3RpdHV0aW9ubmVscyUzQyUyRnNwYW4lM0UlM0MlMkZoMiUzRQ==[\/vc_raw_html][vc_column_text el_class=\u00a0\u00bblst\u00a0\u00bb]<\/p>\n<ul>\n<li>Institutions d&rsquo;Enseignement sup\u00e9rieur<\/li>\n<li>Minist\u00e8res\/d\u00e9partements de l&rsquo;\u00e9ducation gouvernementaux<\/li>\n<li>Agences de d\u00e9veloppement multilat\u00e9rales et bilat\u00e9rales<\/li>\n<\/ul>\n<p>[\/vc_column_text][\/vc_column][\/vc_row][vc_row][vc_column width=\u00a0\u00bb1\/3&Prime;][vc_single_image image=\u00a0\u00bb60&Prime; img_size=\u00a0\u00bbfull\u00a0\u00bb alignment=\u00a0\u00bbcenter\u00a0\u00bb css=\u00a0\u00bb.vc_custom_1620113279405{margin-bottom: 0px !important;}\u00a0\u00bb][\/vc_column][vc_column width=\u00a0\u00bb1\/3&Prime;][vc_single_image image=\u00a0\u00bb61&Prime; img_size=\u00a0\u00bbfull\u00a0\u00bb alignment=\u00a0\u00bbcenter\u00a0\u00bb css=\u00a0\u00bb.vc_custom_1620113289186{margin-bottom: 0px !important;}\u00a0\u00bb][\/vc_column][vc_column width=\u00a0\u00bb1\/3&Prime;][vc_single_image image=\u00a0\u00bb62&Prime; img_size=\u00a0\u00bbfull\u00a0\u00bb alignment=\u00a0\u00bbcenter\u00a0\u00bb css=\u00a0\u00bb.vc_custom_1620113298922{margin-bottom: 0px !important;}\u00a0\u00bb][\/vc_column][\/vc_row]<\/p>","protected":false},"excerpt":{"rendered":"<p>[vc_row][vc_column][vc_raw_html css=\u00a0\u00bb.vc_custom_1620640229923{margin-bottom: 0px !important;}\u00a0\u00bb]JTNDaDIlM0VBbGxpYW5jZXMlMjBldCUyMHBhcnRlbmFpcmVzJTIwJTNDc3BhbiUzRWluc3RpdHV0aW9ubmVscyUzQyUyRnNwYW4lM0UlM0MlMkZoMiUzRQ==[\/vc_raw_html][vc_column_text el_class=\u00a0\u00bblst\u00a0\u00bb] Institutions d&rsquo;Enseignement sup\u00e9rieur Minist\u00e8res\/d\u00e9partements de l&rsquo;\u00e9ducation gouvernementaux Agences de d\u00e9veloppement multilat\u00e9rales et bilat\u00e9rales [\/vc_column_text][\/vc_column][\/vc_row][vc_row][vc_column width=\u00a0\u00bb1\/3&Prime;][vc_single_image image=\u00a0\u00bb60&Prime; img_size=\u00a0\u00bbfull\u00a0\u00bb alignment=\u00a0\u00bbcenter\u00a0\u00bb css=\u00a0\u00bb.vc_custom_1620113279405{margin-bottom: 0px !important;}\u00a0\u00bb][\/vc_column][vc_column width=\u00a0\u00bb1\/3&Prime;][vc_single_image image=\u00a0\u00bb61&Prime; img_size=\u00a0\u00bbfull\u00a0\u00bb alignment=\u00a0\u00bbcenter\u00a0\u00bb css=\u00a0\u00bb.vc_custom_1620113289186{margin-bottom: 0px !important;}\u00a0\u00bb][\/vc_column][vc_column width=\u00a0\u00bb1\/3&Prime;][vc_single_image image=\u00a0\u00bb62&Prime; img_size=\u00a0\u00bbfull\u00a0\u00bb alignment=\u00a0\u00bbcenter\u00a0\u00bb css=\u00a0\u00bb.vc_custom_1620113298922{margin-bottom: 0px !important;}\u00a0\u00bb][\/vc_column][\/vc_row]<\/p>\n","protected":false},"author":1,"featured_media":82,"parent":0,"menu_order":0,"comment_status":"closed","ping_status":"closed","template":"","meta":{"footnotes":""},"class_list":["post-46","page","type-page","status-publish","has-post-thumbnail","hentry"],"_links":{"self":[{"href":"https:\/\/polaris-edu.org\/fr\/wp-json\/wp\/v2\/pages\/46","targetHints":{"allow":["GET"]}}],"collection":[{"href":"https:\/\/polaris-edu.org\/fr\/wp-json\/wp\/v2\/pages"}],"about":[{"href":"https:\/\/polaris-edu.org\/fr\/wp-json\/wp\/v2\/types\/page"}],"author":[{"embeddable":true,"href":"https:\/\/polaris-edu.org\/fr\/wp-json\/wp\/v2\/users\/1"}],"replies":[{"embeddable":true,"href":"https:\/\/polaris-edu.org\/fr\/wp-json\/wp\/v2\/comments?post=46"}],"version-history":[{"count":6,"href":"https:\/\/polaris-edu.org\/fr\/wp-json\/wp\/v2\/pages\/46\/revisions"}],"predecessor-version":[{"id":132,"href":"https:\/\/polaris-edu.org\/fr\/wp-json\/wp\/v2\/pages\/46\/revisions\/132"}],"wp:featuredmedia":[{"embeddable":true,"href":"https:\/\/polaris-edu.org\/fr\/wp-json\/wp\/v2\/media\/82"}],"wp:attachment":[{"href":"https:\/\/polaris-edu.org\/fr\/wp-json\/wp\/v2\/media?parent=46"}],"curies":[{"name":"wp","href":"https:\/\/api.w.org\/{rel}","templated":true}]}}