{"id":6,"date":"2021-04-30T05:57:36","date_gmt":"2021-04-30T05:57:36","guid":{"rendered":"http:\/\/localhost\/polaris\/?page_id=6"},"modified":"2023-08-10T12:54:20","modified_gmt":"2023-08-10T12:54:20","slug":"home","status":"publish","type":"page","link":"https:\/\/polaris-edu.org\/fr\/","title":{"rendered":"Accueil"},"content":{"rendered":"<p><\/p>\n<p>[vc_row][vc_column][vc_raw_html css=\u00a0\u00bb.vc_custom_1621254110962{margin-bottom: 0px !important;}\u00a0\u00bb]JTNDaDIlM0VFbnNlaWduZW1lbnQlMjBTdXAlQzMlQTlyaWV1ciUyMCUzQ3NwYW4lM0VTdHJhdCVDMyVBOWdpZSUyMGV0JTIwQW5hbHl0aXF1ZSUyMCUzQSUzQyUyRnNwYW4lM0UlM0NiciUzRSUwQVNlcnZpY2VzJTIwZGUlMjBjb25zZWlsJTIwZXQlMjBkZSUyMGZvcm1hdGlvbiUzQyUyRmgyJTNF[\/vc_raw_html][vc_column_text css=\u00a0\u00bb.vc_custom_1620638133427{margin-bottom: 15px !important;}\u00a0\u00bb]Polaris\u00a0est une entreprise cr\u00e9\u00e9e par une \u00e9quipe de professionnels innovants et cr\u00e9atifs avec une solide exp\u00e9rience. Nous comptons des sp\u00e9cialistes de l&rsquo;Apprentissage num\u00e9rique\u00a0[en ligne], de l&rsquo;enseignement sup\u00e9rieur, des TIC, de l&rsquo;Intelligence artificielle et de l&rsquo;Analytique ; de l&rsquo;\u00c9valuation de l&rsquo;apprentissage en ligne\u00a0; de la performance et du suivi des \u00e9tudiants et des enseignants ; de l&rsquo;accr\u00e9ditation et de la certification num\u00e9riques. Nous poss\u00e9dons une exp\u00e9rience des projets d&rsquo;Apprentissage Num\u00e9rique\u00a0dans diff\u00e9rents pays, de diverses applications d&rsquo;Analytique \u00e9ducative et de supports p\u00e9dagogiques num\u00e9riques et multim\u00e9dias interactifs.[\/vc_column_text][\/vc_column][\/vc_row][vc_row][vc_column][vc_column_text el_class=\u00a0\u00bblst\u00a0\u00bb]<\/p>\n<ul>\n<li><i><\/i>Partenariat avec divers \u00e9tablissements d&rsquo;enseignement sup\u00e9rieuren Am\u00e9rique latine et en Asie<\/li>\n<li>Solution-Polaris &#8211; Opciones: Op\u00e9ration Individuelle ou Abonnement annuel<\/li>\n<li>TIC et Plateforme Internet [Google Meet &amp; Classroom, MS Teams, Zoom, Zoho Connect, Cisco Webex, Hopin; Moodle]<\/li>\n<li>Bureaux : Bruxelles, Miami, Guatemala, Montevideo<\/li>\n<\/ul>\n<p>[\/vc_column_text][\/vc_column][\/vc_row][vc_row][vc_column][vc_raw_html]JTNDaDMlM0VPYmplY3RpZnMlMjAlM0ElM0MlMkZoMyUzRQ==[\/vc_raw_html][\/vc_column][vc_column width=\u00a0\u00bb1\/4&Prime;][vc_single_image image=\u00a0\u00bb89&Prime; img_size=\u00a0\u00bbfull\u00a0\u00bb alignment=\u00a0\u00bbcenter\u00a0\u00bb css=\u00a0\u00bb.vc_custom_1620637950926{margin-bottom: 0px !important;}\u00a0\u00bb][vc_custom_heading text=\u00a0\u00bbFournir des solutions de conseil strat\u00e9gique et de formation en mati\u00e8re d&rsquo;Apprentissage Num\u00e9rique, d&rsquo;Intelligence Artificielle et d&rsquo;Analytique afin de renouveler et d&rsquo;autonomiser les \u00e9tablissements d&rsquo;Enseignement sup\u00e9rieur\u00a0\u00bb font_container=\u00a0\u00bbtag:h4|font_size:14px|text_align:center|color:%230a2972|line_height:20px\u00a0\u00bb use_theme_fonts=\u00a0\u00bbyes\u00a0\u00bb css=\u00a0\u00bb.vc_custom_1620638004413{padding-right: 10px !important;padding-left: 10px !important;}\u00a0\u00bb][\/vc_column][vc_column width=\u00a0\u00bb1\/4&Prime;][vc_single_image image=\u00a0\u00bb90&Prime; img_size=\u00a0\u00bbfull\u00a0\u00bb alignment=\u00a0\u00bbcenter\u00a0\u00bb css=\u00a0\u00bb.vc_custom_1620637960181{margin-bottom: 0px !important;}\u00a0\u00bb][vc_custom_heading text=\u00a0\u00bbFournir des solutions d&rsquo;Enseignement sup\u00e9rieur pour la Gestion des Connaissances et de l&rsquo;Apprentissage\u00a0\u00bb font_container=\u00a0\u00bbtag:h4|font_size:14px|text_align:center|color:%230a2972|line_height:20px\u00a0\u00bb use_theme_fonts=\u00a0\u00bbyes\u00a0\u00bb css=\u00a0\u00bb.vc_custom_1620638018169{padding-right: 10px !important;padding-left: 10px !important;}\u00a0\u00bb][\/vc_column][vc_column width=\u00a0\u00bb1\/4&Prime;][vc_single_image image=\u00a0\u00bb91&Prime; img_size=\u00a0\u00bbfull\u00a0\u00bb alignment=\u00a0\u00bbcenter\u00a0\u00bb css=\u00a0\u00bb.vc_custom_1620637972480{margin-bottom: 0px !important;}\u00a0\u00bb][vc_custom_heading text=\u00a0\u00bbTirer parti des Technologies du Cloud pour la gestion, l&rsquo;Enseignement et la recherche dans l&rsquo;Enseignement sup\u00e9rieur\u00a0\u00bb font_container=\u00a0\u00bbtag:h4|font_size:14px|text_align:center|color:%230a2972|line_height:20px\u00a0\u00bb use_theme_fonts=\u00a0\u00bbyes\u00a0\u00bb css=\u00a0\u00bb.vc_custom_1620638031159{padding-right: 10px !important;padding-left: 10px !important;}\u00a0\u00bb][\/vc_column][vc_column width=\u00a0\u00bb1\/4&Prime;][vc_single_image image=\u00a0\u00bb87&Prime; img_size=\u00a0\u00bbfull\u00a0\u00bb alignment=\u00a0\u00bbcenter\u00a0\u00bb css=\u00a0\u00bb.vc_custom_1620637982547{margin-bottom: 0px !important;}\u00a0\u00bb][vc_custom_heading text=\u00a0\u00bbPromouvoir l&rsquo;Education STEAM (Science, Technologie, Ing\u00e9nierie, TIC, Intelligence Artificielle, Arts et Math\u00e9matiques)\u00a0\u00bb font_container=\u00a0\u00bbtag:h4|font_size:14px|text_align:center|color:%230a2972|line_height:20px\u00a0\u00bb use_theme_fonts=\u00a0\u00bbyes\u00a0\u00bb css=\u00a0\u00bb.vc_custom_1620638044664{padding-right: 10px !important;padding-left: 10px !important;}\u00a0\u00bb][\/vc_column][\/vc_row][vc_row css=\u00a0\u00bb.vc_custom_1620038390428{padding-top: 20px !important;}\u00a0\u00bb][vc_column][vc_raw_html css=\u00a0\u00bb.vc_custom_1620038395102{margin-bottom: 0px !important;}\u00a0\u00bb]JTNDaDIlMjBzdHlsZSUzRCUyMmZvbnQtc2l6ZSUzQTE4cHglM0Jmb250LXN0eWxlJTNBaXRhbGljJTNCZm9udC13ZWlnaHQlM0EyMnB4JTNCJTIwcGFkZGluZy1ib3R0b20lM0EwcHglM0IlMjIlM0VCdXJlYXV4JTNBJTIwJTNDc3BhbiUzRUJydXhlbGxlcyUyQyUyME1pYW1pJTJDJTIwR3VhdGVtYWxhJTJDJTIwTW9udGV2aWRlbyUzQyUyRnNwYW4lM0UlM0MlMkZoMiUzRQ==[\/vc_raw_html][\/vc_column][\/vc_row]<\/p>\n<p><\/p>","protected":false},"excerpt":{"rendered":"<p>[vc_row][vc_column][vc_raw_html css=\u00a0\u00bb.vc_custom_1621254110962{margin-bottom: 0px !important;}\u00a0\u00bb]JTNDaDIlM0VFbnNlaWduZW1lbnQlMjBTdXAlQzMlQTlyaWV1ciUyMCUzQ3NwYW4lM0VTdHJhdCVDMyVBOWdpZSUyMGV0JTIwQW5hbHl0aXF1ZSUyMCUzQSUzQyUyRnNwYW4lM0UlM0NiciUzRSUwQVNlcnZpY2VzJTIwZGUlMjBjb25zZWlsJTIwZXQlMjBkZSUyMGZvcm1hdGlvbiUzQyUyRmgyJTNF[\/vc_raw_html][vc_column_text css=\u00a0\u00bb.vc_custom_1620638133427{margin-bottom: 15px !important;}\u00a0\u00bb]Polaris\u00a0est une entreprise cr\u00e9\u00e9e par une \u00e9quipe de professionnels innovants et cr\u00e9atifs avec une solide exp\u00e9rience. Nous comptons des sp\u00e9cialistes de l&rsquo;Apprentissage num\u00e9rique\u00a0[en ligne], de l&rsquo;enseignement sup\u00e9rieur, des TIC, de l&rsquo;Intelligence artificielle et de l&rsquo;Analytique ; de l&rsquo;\u00c9valuation de l&rsquo;apprentissage en ligne\u00a0; de la performance et du suivi des [&hellip;]<\/p>\n","protected":false},"author":1,"featured_media":0,"parent":0,"menu_order":0,"comment_status":"closed","ping_status":"closed","template":"","meta":{"footnotes":""},"class_list":["post-6","page","type-page","status-publish","hentry"],"_links":{"self":[{"href":"https:\/\/polaris-edu.org\/fr\/wp-json\/wp\/v2\/pages\/6","targetHints":{"allow":["GET"]}}],"collection":[{"href":"https:\/\/polaris-edu.org\/fr\/wp-json\/wp\/v2\/pages"}],"about":[{"href":"https:\/\/polaris-edu.org\/fr\/wp-json\/wp\/v2\/types\/page"}],"author":[{"embeddable":true,"href":"https:\/\/polaris-edu.org\/fr\/wp-json\/wp\/v2\/users\/1"}],"replies":[{"embeddable":true,"href":"https:\/\/polaris-edu.org\/fr\/wp-json\/wp\/v2\/comments?post=6"}],"version-history":[{"count":28,"href":"https:\/\/polaris-edu.org\/fr\/wp-json\/wp\/v2\/pages\/6\/revisions"}],"predecessor-version":[{"id":153,"href":"https:\/\/polaris-edu.org\/fr\/wp-json\/wp\/v2\/pages\/6\/revisions\/153"}],"wp:attachment":[{"href":"https:\/\/polaris-edu.org\/fr\/wp-json\/wp\/v2\/media?parent=6"}],"curies":[{"name":"wp","href":"https:\/\/api.w.org\/{rel}","templated":true}]}}