{"id":29,"date":"2021-05-03T06:36:06","date_gmt":"2021-05-03T06:36:06","guid":{"rendered":"http:\/\/localhost\/polaris\/?page_id=29"},"modified":"2021-05-19T06:20:18","modified_gmt":"2021-05-19T06:20:18","slug":"services","status":"publish","type":"page","link":"https:\/\/polaris-edu.org\/pb\/services\/","title":{"rendered":"Servi\u00e7os \/ <span>Solu\u00e7\u00f5es<\/span>"},"content":{"rendered":"<p><\/p>\n<p>[vc_row][vc_column][vc_raw_html css=&#8221;.vc_custom_1621258211591{margin-bottom: 0px !important;}&#8221;]JTNDaDIlM0VFbnNpbm8lMjBTdXBlcmlvciUyMEVzdHJhdCVDMyVBOWdpYSUyMGUlMjBBbmFsJUMzJUFEdGljYSUzQSUyMCUzQ2JyJTNFJTNDc3BhbiUzRUNvbnN1bHRvcmlhJTIwZSUyMFRyZWluYW1lbnRvJTNDc3BhbiUzRSUzQyUyRmgyJTNF[\/vc_raw_html][vc_column_text el_class=&#8221;lst&#8221;]<\/p>\n<ul>\n<li>Sistemas Digitais de Aprendizagem em institui\u00e7\u00f5es de Ensino Superior e sistemas escolares: Solu\u00e7\u00f5es imediatas &#8211; Piloto Polaris<\/li>\n<li>Intelig\u00eancia Artificial e Anal\u00edtica para o Ensino Superior<\/li>\n<li>Solu\u00e7\u00f5es de Educa\u00e7\u00e3o STEAM (Ci\u00eancia, Tecnologia, Engenharia, TIC, Intelig\u00eancia Artificial, Artes e Matem\u00e1tica)<\/li>\n<li>Renova\u00e7\u00e3o Acad\u00eamica e Redesenho de Programas em Institui\u00e7\u00f5es de Ensino Superior<\/li>\n<\/ul>\n<p>[\/vc_column_text][\/vc_column][\/vc_row][vc_row][vc_column width=&#8221;1\/3&#8243;][vc_single_image image=&#8221;74&#8243; img_size=&#8221;full&#8221; alignment=&#8221;center&#8221; css=&#8221;.vc_custom_1620115414043{margin-bottom: 0px !important;}&#8221;][\/vc_column][vc_column width=&#8221;1\/3&#8243;][vc_single_image image=&#8221;75&#8243; img_size=&#8221;full&#8221; alignment=&#8221;center&#8221; css=&#8221;.vc_custom_1620115422940{margin-bottom: 0px !important;}&#8221;][\/vc_column][vc_column width=&#8221;1\/3&#8243;][vc_single_image image=&#8221;76&#8243; img_size=&#8221;full&#8221; alignment=&#8221;center&#8221; css=&#8221;.vc_custom_1620115431793{margin-bottom: 0px !important;}&#8221;][\/vc_column][\/vc_row][vc_row css=&#8221;.vc_custom_1620024877045{padding-top: 40px !important;}&#8221;][vc_column][vc_raw_html css=&#8221;.vc_custom_1621258222373{margin-bottom: 0px !important;}&#8221;]JTNDaDIlM0VTaXN0ZW1hJTIwZGUlMjBhcHJlbmRpemFnZW0lMjBFbS1saW5oYSUzQSUyMCUzQ2JyJTNFJTNDc3BhbiUzRVNvbHUlQzMlQTclQzMlQTNvLVBvbGFyaXMlM0MlMkZzcGFuJTNFJTNDJTJGaDIlM0U=[\/vc_raw_html][vc_column_text]O <strong><b>Aprendizagem Em-linha<\/b><\/strong>\u00a0tornou-se a atividade educacional dominante durante a pandemia de Covid. O Ensino Superior\u00a0como o conhecemos mudou para sempre.<\/p>\n<p>No futuro, o Aprendizagem\u00a0Em-linha continuar\u00e1 a ser uma modalidade indispens\u00e1vel, especialmente no Ensino Superior, T\u00e9cnico e M\u00e9dio.<\/p>\n<p>O Aprendizagem\u00a0Digital\u00a0definitivamente substituir\u00e1 um n\u00famero significativo de atividades educacionais em sala de aula. O surgimento do Aprendizagem\u00a0Digital\u00a0significa que o ensino tradicional est\u00e1 dando lugar ao aprendizagem remoto em plataformas digitais.<\/p>\n<p>O futuro da Educa\u00e7\u00e3o\u00a0e Aprendizagem\u00a0ser\u00e1 digital, capacitador e centrado no aluno.<\/p>\n<p>Em 2021, 77% dos novos cursos de aprendizagem ser\u00e3o ministrados por meio de uma Plataforma ou Aplicativo Em-linha.<\/p>\n<p>Espera-se que o mercado de Aprendizagem\u00a0Digital no mundo todo alcance US$ 336 bilh\u00f5es at\u00e9 2026, crescendo a uma Taxa de Crescimento Anual Composto de 10% entre 2021 e 2026.[\/vc_column_text][vc_single_image image=&#8221;30&#8243; img_size=&#8221;full&#8221; alignment=&#8221;center&#8221; el_class=&#8221;ser-img-sz&#8221;][\/vc_column][\/vc_row][vc_row css=&#8221;.vc_custom_1620027076247{padding-top: 20px !important;}&#8221;][vc_column][vc_raw_html css=&#8221;.vc_custom_1621258267462{margin-bottom: 0px !important;}&#8221;]JTNDaDIlM0VJbnRlbGlnJUMzJUFBbmNpYSUyMEFydGlmaWNpYWwlMjAlMjhBSSUyOSUzQ2JyJTNFJTIwJTNDc3BhbiUzRWUlMjBBbmFsJUMzJUFEdGljYSUyMHBhcmElM0MlMkZzcGFuJTNFJTIwJTNDYnIlM0VFbnNpbm8lMjBTdXBlcmlvciUzQyUyRmgyJTNF[\/vc_raw_html][vc_column_text el_class=&#8221;lst&#8221;]<\/p>\n<ul>\n<li>Aplicativos de Gest\u00e3o de Ensino Superior baseados em Anal\u00edtica [dispositivos m\u00f3veis]<\/li>\n<\/ul>\n<p><b>Grad-JobLink App<\/b>(Graduates-Jobs Link) [liga\u00e7\u00e3o entre graduados e empregos]<br \/>\nMonitoramento de Desempenho de Estudantes e Professores, e Tutoria<br \/>\nSistema de Gest\u00e3o da Educa\u00e7\u00e3o[EMS]<\/p>\n<ul>\n<li>Otimiza\u00e7\u00e3o do uso das Tecnologias na Nuvem na gest\u00e3o, ensino e pesquisa do Ensino Superior: Solu\u00e7\u00f5es de Servi\u00e7o Institucional<\/li>\n<\/ul>\n<p>[computa\u00e7\u00e3o, comunica\u00e7\u00e3o, armazenamento, aplicativos]<\/p>\n<ul>\n<li>Integra\u00e7\u00e3o da AI em os Programas Acad\u00eamicos e a Pesquisa<\/li>\n<\/ul>\n<p>[engenharia, ci\u00eancia, arquitetura, medicina, economia, direito]<\/p>\n<ul>\n<li>Gest\u00e3o baseada em a Intelig\u00eancia Artificial<\/li>\n<\/ul>\n<p>[estudantes, professores, funcion\u00e1rios, or\u00e7amento, administra\u00e7\u00e3o][\/vc_column_text][vc_single_image image=&#8221;31&#8243; img_size=&#8221;full&#8221; alignment=&#8221;center&#8221; el_class=&#8221;ser-img-sz&#8221;][\/vc_column][\/vc_row][vc_row css=&#8221;.vc_custom_1620027084124{padding-top: 20px !important;}&#8221;][vc_column][vc_raw_html css=&#8221;.vc_custom_1621255826179{margin-bottom: 0px !important;}&#8221;]JTNDaDQlM0VTb2x1JUMzJUE3JUMzJUI1ZXMlMjBkZSUyMEVkdWNhJUMzJUE3JUMzJUEzbyUyMFNURUFNJTIwJTNDYnIlM0UlM0NzcGFuJTNFJTI4Q2klQzMlQUFuY2lhJTJDJTIwVGVjbm9sb2dpYSUyQyUyMEVuZ2VuaGFyaWElMkMlMjBUSUMlMkMlMjBJbnRlbGlnJUMzJUFBbmNpYSUyMEFydGlmaWNpYWwlMkMlMjBBcnRlcyUyMGUlMjBNYXRlbSVDMyVBMXRpY2ElMjklM0MlMkZzcGFuJTNFJTNDJTJGaDQlM0U=[\/vc_raw_html][vc_column_text el_class=&#8221;lst&#8221;]\u00c9 essencial incitar, motivar e orientar o interesse dos estudantes em <em><i>Ci\u00eancia, Tecnologia, Engenharia, TIC, Intelig\u00eancia Artificial, Artes e Matem\u00e1tica (STEAM)<\/i><\/em>, tanto como disciplinas de estudo como em carreiras profissionais.<\/p>\n<p>Alcan\u00e7ar uma ampla cobertura de escolas e institui\u00e7\u00f5es de Ensino Superior, para fornecer solu\u00e7\u00f5es de <em><i>Educa\u00e7\u00e3o STEAM<\/i><\/em>\u00a0de qualidade:<\/p>\n<ul>\n<li><i><\/i>Projeto Curricular da STEAM<\/li>\n<li>Eventos STEAM<\/li>\n<li>Programa de Parcerias P\u00fablicas e Privadas (PPPP)<\/li>\n<li>Programa de Est\u00e1gio de Produ\u00e7\u00e3o (PEP)<\/li>\n<\/ul>\n<p>[\/vc_column_text][vc_single_image image=&#8221;93&#8243; img_size=&#8221;full&#8221; alignment=&#8221;center&#8221;][\/vc_column][\/vc_row][vc_row css=&#8221;.vc_custom_1620027084124{padding-top: 20px !important;}&#8221;][vc_column][vc_raw_html css=&#8221;.vc_custom_1621258313150{margin-bottom: 0px !important;}&#8221;]JTNDaDIlM0VSZW5vdmElQzMlQTclQzMlQTNvJTIwQWNhZCVDMyVBQW1pY2ElMjBlJTIwUmVkZXNlbmhvJTIwZGUlMjBQcm9ncmFtYXMlMjAlM0NiciUzRSUzQ3NwYW4lM0VlbSUyMGluc3RpdHVpJUMzJUE3JUMzJUI1ZXMlMjBkZSUyMEVuc2lubyUyMFN1cGVyaW9yJTNDJTJGc3BhbiUzRSUzQyUyRmgyJTNF[\/vc_raw_html][vc_column_text el_class=&#8221;lst&#8221;]<\/p>\n<ul>\n<li><b><i><\/i><\/b>Vis\u00e3o de m\u00e9dio\/longo prazo: Excel\u00eancia Acad\u00eamica e Sustentabilidade<\/li>\n<li>Prioridades Estrat\u00e9gicas(no contexto dos Objetivos de Desenvolvimento Sustent\u00e1vel\u00a0nacionais)<\/li>\n<li>Excel\u00eancia Acad\u00eamica(qualidade): Estrat\u00e9gia\/Programa de Colabora\u00e7\u00e3o Acad\u00eamica Internacional<\/li>\n<li>Programas de Pesquisa e P\u00f3s-gradua\u00e7\u00e3o<\/li>\n<li>Organiza\u00e7\u00e3o de Confer\u00eancias Digitais(DigiConfer)<\/li>\n<\/ul>\n<p>[\/vc_column_text][vc_single_image image=&#8221;32&#8243; img_size=&#8221;full&#8221; alignment=&#8221;center&#8221; el_class=&#8221;ser-img-sz&#8221;][\/vc_column][\/vc_row]<\/p>\n<p><\/p>","protected":false},"excerpt":{"rendered":"<p>[vc_row][vc_column][vc_raw_html css=&#8221;.vc_custom_1621258211591{margin-bottom: 0px !important;}&#8221;]JTNDaDIlM0VFbnNpbm8lMjBTdXBlcmlvciUyMEVzdHJhdCVDMyVBOWdpYSUyMGUlMjBBbmFsJUMzJUFEdGljYSUzQSUyMCUzQ2JyJTNFJTNDc3BhbiUzRUNvbnN1bHRvcmlhJTIwZSUyMFRyZWluYW1lbnRvJTNDc3BhbiUzRSUzQyUyRmgyJTNF[\/vc_raw_html][vc_column_text el_class=&#8221;lst&#8221;] Sistemas Digitais de Aprendizagem em institui\u00e7\u00f5es de Ensino Superior e sistemas escolares: Solu\u00e7\u00f5es imediatas &#8211; Piloto Polaris Intelig\u00eancia Artificial e Anal\u00edtica para o Ensino Superior Solu\u00e7\u00f5es de Educa\u00e7\u00e3o STEAM (Ci\u00eancia, Tecnologia, Engenharia, TIC, Intelig\u00eancia Artificial, Artes e Matem\u00e1tica) Renova\u00e7\u00e3o Acad\u00eamica e Redesenho de Programas em Institui\u00e7\u00f5es de Ensino Superior [\/vc_column_text][\/vc_column][\/vc_row][vc_row][vc_column [&hellip;]<\/p>\n","protected":false},"author":1,"featured_media":85,"parent":0,"menu_order":0,"comment_status":"closed","ping_status":"closed","template":"","meta":{"footnotes":""},"class_list":["post-29","page","type-page","status-publish","has-post-thumbnail","hentry"],"_links":{"self":[{"href":"https:\/\/polaris-edu.org\/pb\/wp-json\/wp\/v2\/pages\/29","targetHints":{"allow":["GET"]}}],"collection":[{"href":"https:\/\/polaris-edu.org\/pb\/wp-json\/wp\/v2\/pages"}],"about":[{"href":"https:\/\/polaris-edu.org\/pb\/wp-json\/wp\/v2\/types\/page"}],"author":[{"embeddable":true,"href":"https:\/\/polaris-edu.org\/pb\/wp-json\/wp\/v2\/users\/1"}],"replies":[{"embeddable":true,"href":"https:\/\/polaris-edu.org\/pb\/wp-json\/wp\/v2\/comments?post=29"}],"version-history":[{"count":37,"href":"https:\/\/polaris-edu.org\/pb\/wp-json\/wp\/v2\/pages\/29\/revisions"}],"predecessor-version":[{"id":171,"href":"https:\/\/polaris-edu.org\/pb\/wp-json\/wp\/v2\/pages\/29\/revisions\/171"}],"wp:featuredmedia":[{"embeddable":true,"href":"https:\/\/polaris-edu.org\/pb\/wp-json\/wp\/v2\/media\/85"}],"wp:attachment":[{"href":"https:\/\/polaris-edu.org\/pb\/wp-json\/wp\/v2\/media?parent=29"}],"curies":[{"name":"wp","href":"https:\/\/api.w.org\/{rel}","templated":true}]}}