{"id":41,"date":"2021-05-03T07:55:35","date_gmt":"2021-05-03T07:55:35","guid":{"rendered":"http:\/\/localhost\/polaris\/?page_id=41"},"modified":"2021-05-18T10:20:27","modified_gmt":"2021-05-18T10:20:27","slug":"projects","status":"publish","type":"page","link":"https:\/\/polaris-edu.org\/pb\/projects\/","title":{"rendered":"Projetos"},"content":{"rendered":"<p><\/p>\n<p>[vc_row][vc_column][vc_raw_html css=&#8221;.vc_custom_1621256688877{margin-bottom: 0px !important;}&#8221;]JTNDaDIlM0VTaXN0ZW1hJTIwZGUlMjBBcHJlbmRpemFnZW0lMjBFbS1saW5oYSUzQSUzQ2JyJTNFJTNDc3BhbiUzRVNvbHUlQzMlQTclQzMlQTNvLVBvbGFyaXMlM0MlMkZzcGFuJTNFJTNDJTJGaDIlM0U=[\/vc_raw_html][vc_column_text el_class=&#8221;lst&#8221; css=&#8221;.vc_custom_1620379994774{margin-bottom: 20px !important;}&#8221;]O <strong><b>Aprendizagem Em-linha<\/b><\/strong>\u00a0tornou-se a atividade educacional dominante durante a pandemia de Covid. O Ensino Superior\u00a0como o conhecemos mudou para sempre.<\/p>\n<p>No futuro, o Aprendizagem\u00a0Em-linha continuar\u00e1 a ser uma modalidade indispens\u00e1vel, especialmente no Ensino Superior, T\u00e9cnico e M\u00e9dio.<\/p>\n<p>O Aprendizagem\u00a0Digital\u00a0definitivamente substituir\u00e1 um n\u00famero significativo de atividades educacionais em sala de aula. O surgimento do Aprendizagem\u00a0Digital\u00a0significa que o ensino tradicional est\u00e1 dando lugar ao aprendizagem remoto em plataformas digitais.[\/vc_column_text][vc_column_text el_class=&#8221;lst&#8221;]<\/p>\n<ul>\n<li><b><i><\/i><\/b>Avalia\u00e7\u00e3o [ex-ante]: compet\u00eancias dos professores em Aprendizagem Em-linha, Sistema\/Plataforma de Gest\u00e3o de Aprendizagem(LMS) existente na institui\u00e7\u00e3o<\/li>\n<li>Treinamento: Professores, assistentes de ensino e pesquisadores<\/li>\n<\/ul>\n<p>Desenho, edi\u00e7\u00e3o e transmiss\u00e3o de cursos e v\u00eddeos Em-linha(conte\u00fado e materiais curriculares)<br \/>\nAproveitamento das v\u00e1rias ferramentas e op\u00e7\u00f5es de Aprendizagem Em-linha dispon\u00edveis no Sistema\/Plataforma de Gest\u00e3o de Aprendizagem: Google Meet &amp; Classroom, MS Teams, Zoom; Moodle<br \/>\nConvers\u00e3o de cursos presenciais em Cursos Digitaisinterativos; desenvolvimento de cursos e modelos de cursos totalmente interativos<br \/>\nIntegra\u00e7\u00e3o de elementos interativos avan\u00e7ados, recursos audiovisuais, e materiais educacionais interativos e n\u00e3o interativos<br \/>\nIdentifica\u00e7\u00e3o e utiliza\u00e7\u00e3o de Cursos Em-linhaexistentes<\/p>\n<ul>\n<li>Controle de Presen\u00e7as, Avalia\u00e7\u00e3o e Certificado Profissional<\/li>\n<\/ul>\n<p>Controle de presen\u00e7as de professores e estudantes<br \/>\nUso de v\u00e1rias Ferramentas de Avalia\u00e7\u00e3o de Aprendizagem Em-linha<br \/>\nEmiss\u00e3o de Credenciais e Certificado Profissional Digitales<\/p>\n<ul>\n<li>Gest\u00e3o e Monitoramento do Sistema de Aprendizagem Digitalda Institui\u00e7\u00e3o: Monitoramento de professores e estudantes, desempenho e tutoria dos estudantes, Sistema de Gest\u00e3o da Educa\u00e7\u00e3o\u00a0[EMS]<\/li>\n<li>Laborat\u00f3rio de Produ\u00e7\u00e3o de Conte\u00fados Digital: equipamento b\u00e1sico e habilidades t\u00e9cnicas para o projeto, produ\u00e7\u00e3o, edi\u00e7\u00e3o e transmiss\u00e3o de Cursos Em-linha<\/li>\n<li>Portal do Curso<\/li>\n<li>Uso de Cursos Em-linha Abertos Massivos[MOOC-Massive Open Online Courses]\u00a0e Cursos Em-linha Privados Pequenos\u00a0[SPOC-Small Private Online Courses]<\/li>\n<li>Base de Dadosde Cursos Em-linha, Livros Digitais e Reposit\u00f3rio<\/li>\n<li>Alian\u00e7as Acad\u00eamicas e Programas Colaborativos\u00a0de Aprendizagem Digital\u00a0com outras universidades a n\u00edvel nacional e internacional<\/li>\n<\/ul>\n<p>[\/vc_column_text][\/vc_column][\/vc_row][vc_row css=&#8221;.vc_custom_1620035637895{padding-bottom: 30px !important;}&#8221;][vc_column width=&#8221;1\/3&#8243;][vc_single_image image=&#8221;97&#8243; img_size=&#8221;full&#8221; alignment=&#8221;center&#8221; css=&#8221;.vc_custom_1620383768075{margin-bottom: 0px !important;}&#8221;][\/vc_column][vc_column width=&#8221;1\/3&#8243;][vc_single_image image=&#8221;67&#8243; img_size=&#8221;full&#8221; alignment=&#8221;center&#8221; css=&#8221;.vc_custom_1620113634066{margin-bottom: 0px !important;}&#8221;][\/vc_column][vc_column width=&#8221;1\/3&#8243;][vc_single_image image=&#8221;68&#8243; img_size=&#8221;full&#8221; alignment=&#8221;center&#8221; css=&#8221;.vc_custom_1620113641658{margin-bottom: 0px !important;}&#8221;][\/vc_column][\/vc_row][vc_row css=&#8221;.vc_custom_1620027076247{padding-top: 20px !important;}&#8221;][vc_column][vc_raw_html css=&#8221;.vc_custom_1621256764703{margin-bottom: 0px !important;}&#8221;]JTNDaDIlM0VJbnRlbGlnJUMzJUFBbmNpYSUyMEFydGlmaWNpYWwlMjAlMjhBSSUyOSUyMCUzQ2JyJTNFJTNDc3BhbiUzRWUlMjBBbmFsJUMzJUFEdGljYSUyMHBhcmElM0MlMkZzcGFuJTNFJTIwJTNDYnIlM0VFbnNpbm8lMjBTdXBlcmlvciUzQyUyRmgyJTNF[\/vc_raw_html][vc_column_text el_class=&#8221;lst&#8221;]Aplicativos de Gest\u00e3o de Ensino Superior baseados em Anal\u00edtica [dispositivos m\u00f3veis]<\/p>\n<ul>\n<li>Grad-JobLink App (Graduates-Jobs Link) [liga\u00e7\u00e3o entre graduados e empregos]<\/li>\n<li>Monitoramento de Desempenho de Estudantes e Professores, Tutoria , e Orienta\u00e7\u00e3o vocacional<\/li>\n<li>Sistema de Gest\u00e3o da Educa\u00e7\u00e3o[EMS]<\/li>\n<\/ul>\n<p>[\/vc_column_text][\/vc_column][\/vc_row][vc_row css=&#8221;.vc_custom_1620027084124{padding-top: 20px !important;}&#8221;][vc_column][vc_raw_html css=&#8221;.vc_custom_1620383466874{margin-bottom: 0px !important;}&#8221;]JTNDaDMlMjBzdHlsZSUzRCUyMnRleHQtYWxpZ24lM0FjZW50ZXIlM0IlMjIlM0VUdXRvci1QYXJ0bmVyJTIwQUklMjAlMjYlMjBBbmFsJUMzJUFEdGljYSUzQSUzQ2JyJTNFJTBBJTNDc3BhbiUzRSUyMERlc2VtcGVuaG8lMjBlJTIwTW9uaXRvcmFtZW50byUyMGRlJTIwRXN0dWRhbnRlcyUyMGUlMjBQcm9mZXNzb3JlcyUyQyUzQyUyRnNwYW4lM0UlMjAlM0MlMkZiciUzRSUwQWUlMjBjb25zZWxob3MlMjBkZSUyMGNhcnJlaXJhJTNDJTJGaDMlM0U=[\/vc_raw_html][vc_column_text el_class=&#8221;lst&#8221; css=&#8221;.vc_custom_1620383476190{margin-bottom: 0px !important;}&#8221;]<\/p>\n<ul>\n<li>Desempenho e Monitoramento de Estudantes e Professores, e Orienta\u00e7\u00e3o vocacional<\/li>\n<\/ul>\n<p>[\/vc_column_text][\/vc_column][\/vc_row][vc_row css=&#8221;.vc_custom_1620383940727{padding-top: 50px !important;}&#8221;][vc_column][vc_raw_html css=&#8221;.vc_custom_1621255973138{margin-bottom: 0px !important;}&#8221;]JTNDaDQlM0VTb2x1JUMzJUE3JUMzJUI1ZXMlMjBkZSUyMEVkdWNhJUMzJUE3JUMzJUEzbyUyMFNURUFNJTNDYnIlM0UlMEElM0NzcGFuJTNFJTI4Q2klQzMlQUFuY2lhJTJDJTIwVGVjbm9sb2dpYSUyQyUyMEVuZ2VuaGFyaWElMkMlMjBUSUMlMkMlMjBJbnRlbGlnJUMzJUFBbmNpYSUyMEFydGlmaWNpYWwlMkMlMjBBcnRlcyUyMGUlMjBNYXRlbSVDMyVBMXRpY2ElMjklM0MlMkZzcGFuJTNFJTNDJTJGaDQlM0U=[\/vc_raw_html][vc_column_text el_class=&#8221;lst&#8221;]<\/p>\n<ul>\n<li>Projeto Curricular da STEAM<\/li>\n<li>Eventos STEAM<\/li>\n<li>Programa de Parcerias P\u00fablicas e Privadas (PPPP)<\/li>\n<li>Programa de Est\u00e1gio de Produ\u00e7\u00e3o (PEP)<\/li>\n<\/ul>\n<p>[\/vc_column_text][\/vc_column][\/vc_row]<\/p>\n<p><\/p>","protected":false},"excerpt":{"rendered":"<p>[vc_row][vc_column][vc_raw_html css=&#8221;.vc_custom_1621256688877{margin-bottom: 0px !important;}&#8221;]JTNDaDIlM0VTaXN0ZW1hJTIwZGUlMjBBcHJlbmRpemFnZW0lMjBFbS1saW5oYSUzQSUzQ2JyJTNFJTNDc3BhbiUzRVNvbHUlQzMlQTclQzMlQTNvLVBvbGFyaXMlM0MlMkZzcGFuJTNFJTNDJTJGaDIlM0U=[\/vc_raw_html][vc_column_text el_class=&#8221;lst&#8221; css=&#8221;.vc_custom_1620379994774{margin-bottom: 20px !important;}&#8221;]O Aprendizagem Em-linha\u00a0tornou-se a atividade educacional dominante durante a pandemia de Covid. O Ensino Superior\u00a0como o conhecemos mudou para sempre. No futuro, o Aprendizagem\u00a0Em-linha continuar\u00e1 a ser uma modalidade indispens\u00e1vel, especialmente no Ensino Superior, T\u00e9cnico e M\u00e9dio. O Aprendizagem\u00a0Digital\u00a0definitivamente substituir\u00e1 um n\u00famero significativo de atividades educacionais em sala [&hellip;]<\/p>\n","protected":false},"author":1,"featured_media":96,"parent":0,"menu_order":0,"comment_status":"closed","ping_status":"closed","template":"","meta":{"footnotes":""},"class_list":["post-41","page","type-page","status-publish","has-post-thumbnail","hentry"],"_links":{"self":[{"href":"https:\/\/polaris-edu.org\/pb\/wp-json\/wp\/v2\/pages\/41","targetHints":{"allow":["GET"]}}],"collection":[{"href":"https:\/\/polaris-edu.org\/pb\/wp-json\/wp\/v2\/pages"}],"about":[{"href":"https:\/\/polaris-edu.org\/pb\/wp-json\/wp\/v2\/types\/page"}],"author":[{"embeddable":true,"href":"https:\/\/polaris-edu.org\/pb\/wp-json\/wp\/v2\/users\/1"}],"replies":[{"embeddable":true,"href":"https:\/\/polaris-edu.org\/pb\/wp-json\/wp\/v2\/comments?post=41"}],"version-history":[{"count":30,"href":"https:\/\/polaris-edu.org\/pb\/wp-json\/wp\/v2\/pages\/41\/revisions"}],"predecessor-version":[{"id":170,"href":"https:\/\/polaris-edu.org\/pb\/wp-json\/wp\/v2\/pages\/41\/revisions\/170"}],"wp:featuredmedia":[{"embeddable":true,"href":"https:\/\/polaris-edu.org\/pb\/wp-json\/wp\/v2\/media\/96"}],"wp:attachment":[{"href":"https:\/\/polaris-edu.org\/pb\/wp-json\/wp\/v2\/media?parent=41"}],"curies":[{"name":"wp","href":"https:\/\/api.w.org\/{rel}","templated":true}]}}