{"id":46,"date":"2021-05-03T09:59:35","date_gmt":"2021-05-03T09:59:35","guid":{"rendered":"http:\/\/haroon.biz\/dev\/polaris\/?page_id=46"},"modified":"2021-05-10T09:50:53","modified_gmt":"2021-05-10T09:50:53","slug":"alliances-partners","status":"publish","type":"page","link":"https:\/\/polaris-edu.org\/pb\/alliances-partners\/","title":{"rendered":"Alian\u00e7as \/ <span> Parceiros <\/span>"},"content":{"rendered":"<p>[vc_row][vc_column][vc_raw_html css=&#8221;.vc_custom_1620384075524{margin-bottom: 0px !important;}&#8221;]JTNDaDIlM0VBbGlhbiVDMyVBN2FzJTIwSW5zdGl0dWNpb25haXMlMjAlM0NzcGFuJTNFZSUyMFBhcmNlaXJvcyUyMCUzQyUyRnNwYW4lM0UlM0MlMkZoMiUzRQ==[\/vc_raw_html][vc_column_text el_class=&#8221;lst&#8221;]<\/p>\n<ul>\n<li>Institui\u00e7\u00f5es de Ensino Superior<\/li>\n<li>Minist\u00e9rios\/departamentos de educa\u00e7\u00e3o do governo<\/li>\n<li>Ag\u00eancias de desenvolvimento multilaterais e bilaterais<\/li>\n<\/ul>\n<p>[\/vc_column_text][\/vc_column][\/vc_row][vc_row][vc_column width=&#8221;1\/3&#8243;][vc_single_image image=&#8221;60&#8243; img_size=&#8221;full&#8221; alignment=&#8221;center&#8221; css=&#8221;.vc_custom_1620113247628{margin-bottom: 0px !important;}&#8221;][\/vc_column][vc_column width=&#8221;1\/3&#8243;][vc_single_image image=&#8221;61&#8243; img_size=&#8221;full&#8221; alignment=&#8221;center&#8221; css=&#8221;.vc_custom_1620113257876{margin-bottom: 0px !important;}&#8221;][\/vc_column][vc_column width=&#8221;1\/3&#8243;][vc_single_image image=&#8221;62&#8243; img_size=&#8221;full&#8221; alignment=&#8221;center&#8221; css=&#8221;.vc_custom_1620113267931{margin-bottom: 0px !important;}&#8221;][\/vc_column][\/vc_row]<\/p>","protected":false},"excerpt":{"rendered":"<p>[vc_row][vc_column][vc_raw_html css=&#8221;.vc_custom_1620384075524{margin-bottom: 0px !important;}&#8221;]JTNDaDIlM0VBbGlhbiVDMyVBN2FzJTIwSW5zdGl0dWNpb25haXMlMjAlM0NzcGFuJTNFZSUyMFBhcmNlaXJvcyUyMCUzQyUyRnNwYW4lM0UlM0MlMkZoMiUzRQ==[\/vc_raw_html][vc_column_text el_class=&#8221;lst&#8221;] Institui\u00e7\u00f5es de Ensino Superior Minist\u00e9rios\/departamentos de educa\u00e7\u00e3o do governo Ag\u00eancias de desenvolvimento multilaterais e bilaterais [\/vc_column_text][\/vc_column][\/vc_row][vc_row][vc_column width=&#8221;1\/3&#8243;][vc_single_image image=&#8221;60&#8243; img_size=&#8221;full&#8221; alignment=&#8221;center&#8221; css=&#8221;.vc_custom_1620113247628{margin-bottom: 0px !important;}&#8221;][\/vc_column][vc_column width=&#8221;1\/3&#8243;][vc_single_image image=&#8221;61&#8243; img_size=&#8221;full&#8221; alignment=&#8221;center&#8221; css=&#8221;.vc_custom_1620113257876{margin-bottom: 0px !important;}&#8221;][\/vc_column][vc_column width=&#8221;1\/3&#8243;][vc_single_image image=&#8221;62&#8243; img_size=&#8221;full&#8221; alignment=&#8221;center&#8221; css=&#8221;.vc_custom_1620113267931{margin-bottom: 0px !important;}&#8221;][\/vc_column][\/vc_row]<\/p>\n","protected":false},"author":1,"featured_media":82,"parent":0,"menu_order":0,"comment_status":"closed","ping_status":"closed","template":"","meta":{"footnotes":""},"class_list":["post-46","page","type-page","status-publish","has-post-thumbnail","hentry"],"_links":{"self":[{"href":"https:\/\/polaris-edu.org\/pb\/wp-json\/wp\/v2\/pages\/46","targetHints":{"allow":["GET"]}}],"collection":[{"href":"https:\/\/polaris-edu.org\/pb\/wp-json\/wp\/v2\/pages"}],"about":[{"href":"https:\/\/polaris-edu.org\/pb\/wp-json\/wp\/v2\/types\/page"}],"author":[{"embeddable":true,"href":"https:\/\/polaris-edu.org\/pb\/wp-json\/wp\/v2\/users\/1"}],"replies":[{"embeddable":true,"href":"https:\/\/polaris-edu.org\/pb\/wp-json\/wp\/v2\/comments?post=46"}],"version-history":[{"count":6,"href":"https:\/\/polaris-edu.org\/pb\/wp-json\/wp\/v2\/pages\/46\/revisions"}],"predecessor-version":[{"id":132,"href":"https:\/\/polaris-edu.org\/pb\/wp-json\/wp\/v2\/pages\/46\/revisions\/132"}],"wp:featuredmedia":[{"embeddable":true,"href":"https:\/\/polaris-edu.org\/pb\/wp-json\/wp\/v2\/media\/82"}],"wp:attachment":[{"href":"https:\/\/polaris-edu.org\/pb\/wp-json\/wp\/v2\/media?parent=46"}],"curies":[{"name":"wp","href":"https:\/\/api.w.org\/{rel}","templated":true}]}}