{"id":6,"date":"2021-04-30T05:57:36","date_gmt":"2021-04-30T05:57:36","guid":{"rendered":"http:\/\/localhost\/polaris\/?page_id=6"},"modified":"2023-08-10T12:54:20","modified_gmt":"2023-08-10T12:54:20","slug":"home","status":"publish","type":"page","link":"https:\/\/polaris-edu.org\/pb\/","title":{"rendered":"In\u00edcio"},"content":{"rendered":"<p><\/p>\n<p>[vc_row][vc_column][vc_raw_html css=&#8221;.vc_custom_1621254019421{margin-bottom: 0px !important;}&#8221;]JTNDaDIlM0VFbnNpbm8lMjBTdXBlcmlvciUyMCUzQ3NwYW4lM0VFc3RyYXQlQzMlQTlnaWElMjBlJTIwQW5hbCVDMyVBRHRpY2ElM0ElM0MlMkZzcGFuJTNFJTNDYnIlM0UlMjBTZXJ2aSVDMyVBN29zJTIwZGUlMjBDb25zdWx0b3JpYSUyMGUlMjBUcmVpbmFtZW50byUzQyUyRmgyJTNF[\/vc_raw_html][vc_column_text css=&#8221;.vc_custom_1620641179828{margin-bottom: 15px !important;}&#8221;]Polaris\u00a0\u00e9 uma empresa criada por uma equipe de profissionais inovadores e criativos com uma s\u00f3lida trajet\u00f3ria. Possui especialistas em Aprendizagem Digital\u00a0[Em-linha], ensino superior, TIC, AI e Anal\u00edtica; Avalia\u00e7\u00e3o de Aprendizagem\u00a0Em-linha; desempenho e monitoramento de estudantes e professores; credenciais e certifica\u00e7\u00e3o digital; com experi\u00eancia em projetos de Aprendizagem Digital\u00a0em diferentes pa\u00edses, uma variedade de aplicativos de Anal\u00edtica Educacional\u00a0e materiais educacionais multim\u00eddia digitais interativos.[\/vc_column_text][\/vc_column][\/vc_row][vc_row][vc_column][vc_column_text el_class=&#8221;lst&#8221;]<\/p>\n<ul>\n<li><i><\/i>Associada a v\u00e1rias institui\u00e7\u00f5es de ensino superiorna Am\u00e9rica Latina e \u00c1sia<\/li>\n<li>Solu\u00e7\u00e3o-Polaris &#8211; Op\u00e7\u00f5es: Opera\u00e7\u00e3o Individual ou Assinatura Anual<\/li>\n<li>TIC e Plataforma de Internet[Google Meet &amp; Classroom, MS Teams, Zoom, Zoho Connect, Cisco Webex, Hopin; Moodle]<\/li>\n<li>Escrit\u00f3rios: Bruxelas, Miami, Guatemala, Montevid\u00e9u<\/li>\n<\/ul>\n<p>[\/vc_column_text][\/vc_column][\/vc_row][vc_row][vc_column][vc_raw_html]JTNDaDMlM0VPYmpldGl2b3MlM0ElM0MlMkZoMyUzRQ==[\/vc_raw_html][\/vc_column][vc_column width=&#8221;1\/4&#8243;][vc_single_image image=&#8221;89&#8243; img_size=&#8221;full&#8221; alignment=&#8221;center&#8221; css=&#8221;.vc_custom_1620375170079{margin-bottom: 0px !important;}&#8221;][vc_custom_heading text=&#8221;Fornecer solu\u00e7\u00f5es estrat\u00e9gicas de consultoria e treinamento em Aprendizagem Digital, Intelig\u00eancia Artificial e Anal\u00edtica, a fim de renovar e empoderar as institui\u00e7\u00f5es de Ensino Superior&#8221; font_container=&#8221;tag:h4|font_size:14px|text_align:center|color:%230a2972|line_height:20px&#8221; use_theme_fonts=&#8221;yes&#8221; css=&#8221;.vc_custom_1620375218016{padding-right: 10px !important;padding-left: 10px !important;}&#8221;][\/vc_column][vc_column width=&#8221;1\/4&#8243;][vc_single_image image=&#8221;90&#8243; img_size=&#8221;full&#8221; alignment=&#8221;center&#8221; css=&#8221;.vc_custom_1620375180494{margin-bottom: 0px !important;}&#8221;][vc_custom_heading text=&#8221;Fornecer solu\u00e7\u00f5es de Ensino Superior para a Gest\u00e3o do Conhecimento e Aprendizagem&#8221; font_container=&#8221;tag:h4|font_size:14px|text_align:center|color:%230a2972|line_height:20px&#8221; use_theme_fonts=&#8221;yes&#8221; css=&#8221;.vc_custom_1620375234792{padding-right: 10px !important;padding-left: 10px !important;}&#8221;][\/vc_column][vc_column width=&#8221;1\/4&#8243;][vc_single_image image=&#8221;91&#8243; img_size=&#8221;full&#8221; alignment=&#8221;center&#8221; css=&#8221;.vc_custom_1620375189018{margin-bottom: 0px !important;}&#8221;][vc_custom_heading text=&#8221;Aproveitar ao m\u00e1ximo as Tecnologias em Nuvem para a gest\u00e3o, o ensino e a pesquisa no Ensino Superior&#8221; font_container=&#8221;tag:h4|font_size:14px|text_align:center|color:%230a2972|line_height:20px&#8221; use_theme_fonts=&#8221;yes&#8221; css=&#8221;.vc_custom_1620375249976{padding-right: 10px !important;padding-left: 10px !important;}&#8221;][\/vc_column][vc_column width=&#8221;1\/4&#8243;][vc_single_image image=&#8221;87&#8243; img_size=&#8221;full&#8221; alignment=&#8221;center&#8221; css=&#8221;.vc_custom_1620375199944{margin-bottom: 0px !important;}&#8221;][vc_custom_heading text=&#8221;Promover a Educa\u00e7\u00e3o STEAM (Ci\u00eancia, Tecnologia, Engenharia, TIC, Intelig\u00eancia Artificial, Artes e Matem\u00e1tica)&#8221; font_container=&#8221;tag:h4|font_size:14px|text_align:center|color:%230a2972|line_height:20px&#8221; use_theme_fonts=&#8221;yes&#8221; css=&#8221;.vc_custom_1620375269215{padding-right: 10px !important;padding-left: 10px !important;}&#8221;][\/vc_column][\/vc_row][vc_row css=&#8221;.vc_custom_1620038410469{padding-top: 20px !important;}&#8221;][vc_column][vc_raw_html css=&#8221;.vc_custom_1620038406875{margin-bottom: 0px !important;}&#8221;]JTNDaDIlMjBzdHlsZSUzRCUyMmZvbnQtc2l6ZSUzQTE4cHglM0Jmb250LXN0eWxlJTNBaXRhbGljJTNCZm9udC13ZWlnaHQlM0EyMnB4JTNCJTIwcGFkZGluZy1ib3R0b20lM0EwcHglM0IlMjIlM0VFc2NyaXQlQzMlQjNyaW9zJTNBJTIwJTNDc3BhbiUzRUJydXhlbGFzJTJDJTIwTWlhbWklMkMlMjBHdWF0ZW1hbGElMkMlMjBNb250ZXZpZCVDMyVBOXUlM0MlMkZzcGFuJTNFJTNDJTJGaDIlM0U=[\/vc_raw_html][\/vc_column][\/vc_row]<\/p>\n<p><\/p>","protected":false},"excerpt":{"rendered":"<p>[vc_row][vc_column][vc_raw_html css=&#8221;.vc_custom_1621254019421{margin-bottom: 0px !important;}&#8221;]JTNDaDIlM0VFbnNpbm8lMjBTdXBlcmlvciUyMCUzQ3NwYW4lM0VFc3RyYXQlQzMlQTlnaWElMjBlJTIwQW5hbCVDMyVBRHRpY2ElM0ElM0MlMkZzcGFuJTNFJTNDYnIlM0UlMjBTZXJ2aSVDMyVBN29zJTIwZGUlMjBDb25zdWx0b3JpYSUyMGUlMjBUcmVpbmFtZW50byUzQyUyRmgyJTNF[\/vc_raw_html][vc_column_text css=&#8221;.vc_custom_1620641179828{margin-bottom: 15px !important;}&#8221;]Polaris\u00a0\u00e9 uma empresa criada por uma equipe de profissionais inovadores e criativos com uma s\u00f3lida trajet\u00f3ria. Possui especialistas em Aprendizagem Digital\u00a0[Em-linha], ensino superior, TIC, AI e Anal\u00edtica; Avalia\u00e7\u00e3o de Aprendizagem\u00a0Em-linha; desempenho e monitoramento de estudantes e professores; credenciais e certifica\u00e7\u00e3o digital; com experi\u00eancia em projetos de Aprendizagem Digital\u00a0em diferentes [&hellip;]<\/p>\n","protected":false},"author":1,"featured_media":0,"parent":0,"menu_order":0,"comment_status":"closed","ping_status":"closed","template":"","meta":{"footnotes":""},"class_list":["post-6","page","type-page","status-publish","hentry"],"_links":{"self":[{"href":"https:\/\/polaris-edu.org\/pb\/wp-json\/wp\/v2\/pages\/6","targetHints":{"allow":["GET"]}}],"collection":[{"href":"https:\/\/polaris-edu.org\/pb\/wp-json\/wp\/v2\/pages"}],"about":[{"href":"https:\/\/polaris-edu.org\/pb\/wp-json\/wp\/v2\/types\/page"}],"author":[{"embeddable":true,"href":"https:\/\/polaris-edu.org\/pb\/wp-json\/wp\/v2\/users\/1"}],"replies":[{"embeddable":true,"href":"https:\/\/polaris-edu.org\/pb\/wp-json\/wp\/v2\/comments?post=6"}],"version-history":[{"count":28,"href":"https:\/\/polaris-edu.org\/pb\/wp-json\/wp\/v2\/pages\/6\/revisions"}],"predecessor-version":[{"id":153,"href":"https:\/\/polaris-edu.org\/pb\/wp-json\/wp\/v2\/pages\/6\/revisions\/153"}],"wp:attachment":[{"href":"https:\/\/polaris-edu.org\/pb\/wp-json\/wp\/v2\/media?parent=6"}],"curies":[{"name":"wp","href":"https:\/\/api.w.org\/{rel}","templated":true}]}}